{"id":908,"date":"2022-06-20T13:06:03","date_gmt":"2022-06-20T11:06:03","guid":{"rendered":"https:\/\/juliocabrero.com\/privacy-policy\/"},"modified":"2023-09-12T13:38:53","modified_gmt":"2023-09-12T11:38:53","slug":"politique-de-confidentialite","status":"publish","type":"page","link":"https:\/\/juliocabrero.com\/fr\/politique-de-confidentialite\/","title":{"rendered":"Politique de confidentialit\u00e9"},"content":{"rendered":"<div class=\"fusion-fullwidth fullwidth-box fusion-builder-row-1 fusion-flex-container nonhundred-percent-fullwidth non-hundred-percent-height-scrolling\" style=\"background-color: rgba(255,255,255,0);background-position: center center;background-repeat: no-repeat;border-width: 0px 0px 0px 0px;border-color:var(--awb-color3);border-style:solid;\" ><div class=\"fusion-builder-row fusion-row fusion-flex-align-items-flex-start\" style=\"max-width:1352px;margin-left: calc(-4% \/ 2 );margin-right: calc(-4% \/ 2 );\"><div class=\"fusion-layout-column fusion_builder_column fusion-builder-column-0 fusion_builder_column_1_1 1_1 fusion-flex-column\"><div class=\"fusion-column-wrapper fusion-flex-justify-content-flex-start fusion-content-layout-column\" style=\"background-position:left top;background-repeat:no-repeat;-webkit-background-size:cover;-moz-background-size:cover;-o-background-size:cover;background-size:cover;padding: 0px 0px 0px 0px;\"><div class=\"fusion-text fusion-text-1\"><h1 style=\"text-align: center;\"><span style=\"font-size: 32px;\">Politique de confidentialit\u00e9 \u00ab\u00a0Vos donn\u00e9es en s\u00e9curit\u00e9\u00a0\u00bb.<\/span><\/h1>\n<h2 style=\"text-align: center;\"><span style=\"font-size: 24px;\">INFORMATIONS CONFORMES A LA REGLEMENTATION SUR LA PROTECTION DES DONNEES PERSONNELLES<\/span><\/h2>\n<p>En Europe et en Espagne, il existe des r\u00e9glementations sur la protection des donn\u00e9es con\u00e7ues pour prot\u00e9ger vos informations personnelles qui sont obligatoires pour notre soci\u00e9t\u00e9.<\/p>\n<p>Par cons\u00e9quent, il est tr\u00e8s important pour nous que vous compreniez parfaitement ce que nous allons faire des donn\u00e9es personnelles que nous vous demandons.<\/p>\n<p>De cette fa\u00e7on, nous serons transparents et vous donnerons le contr\u00f4le de vos donn\u00e9es, avec un langage simple et des choix clairs qui vous permettront de d\u00e9cider ce que nous ferons de vos informations personnelles.<\/p>\n<p>N&rsquo;h\u00e9sitez pas \u00e0 nous demander si vous avez des questions apr\u00e8s avoir lu ces informations.<\/p>\n<p>Merci de votre collaboration.<\/p>\n<h2><strong><span style=\"font-size: 24px;\">Qui sommes nous?<\/span><\/strong><\/h2>\n<ul>\n<li>Notre nom : Julio Cabrero y Cia SL<\/li>\n<li>Notre CIF\/NIF : B39031612<\/li>\n<li>Notre activit\u00e9 principale : INDUSTRIE CHIMIQUE<\/li>\n<li>Notre adresse : Puerto de Requejada s\/n Requejada, Cantabrie 39312, ES, CP 39312, Requejada (Cantabrie)<\/li>\n<li>Notre num\u00e9ro de t\u00e9l\u00e9phone de contact: 942824089<\/li>\n<li>Notre adresse e-mail de contact : julio.cabrero@juliocabrero.com<\/li>\n<li>Notre site internet : www.juliocabrero.com<\/li>\n<li>Pour votre confiance et votre s\u00e9curit\u00e9, nous vous informons que nous sommes une entit\u00e9 inscrite au registre du commerce \/ registre public suivant\u00a0:<\/li>\n<li>Notre activit\u00e9 principale est soumise \u00e0 un r\u00e9gime d&rsquo;autorisation administrative pr\u00e9alable. Pour votre confiance et votre s\u00e9curit\u00e9, nous mettons \u00e0 votre disposition les donn\u00e9es relatives \u00e0 cette autorisation et les \u00e9l\u00e9ments d&rsquo;identification de l&rsquo;organisme comp\u00e9tent de notre surveillance :\n<ul>\n<li>Autorisation administrative :<\/li>\n<li>Organisme responsable de notre surveillance :<\/li>\n<\/ul>\n<\/li>\n<li>Le responsable de ce site exerce une profession r\u00e9glement\u00e9e, pour laquelle nous vous communiquons les informations suivantes :\n<ul>\n<li>Association professionnelle \u00e0 laquelle il appartient :<\/li>\n<li>Titre acad\u00e9mique ou professionnel officiel\u00a0:<\/li>\n<li>\u00c9tat de l&rsquo;Union europ\u00e9enne dans lequel le dipl\u00f4me a \u00e9t\u00e9 d\u00e9livr\u00e9\u00a0:<\/li>\n<li>R\u00e8gles professionnelles applicables \u00e0 l&rsquo;exercice de la profession :<\/li>\n<\/ul>\n<\/li>\n<\/ul>\n<p>We are at your disposal, please do not hesitate to contact us.<\/p>\n<h2>\u00c0 quoi allons-nous utiliser vos donn\u00e9es\u00a0?<\/h2>\n<p>En g\u00e9n\u00e9ral, vos donn\u00e9es personnelles seront utilis\u00e9es pour interagir avec vous et pour vous fournir nos services.<\/p>\n<p>Elles peuvent \u00e9galement \u00eatre utilis\u00e9es pour d&rsquo;autres activit\u00e9s, telles que l&rsquo;envoi de publicit\u00e9s ou la promotion de nos activit\u00e9s.<\/p>\n<h2>Pourquoi avons-nous besoin d&rsquo;utiliser vos donn\u00e9es ?<\/h2>\n<p>Vos donn\u00e9es personnelles sont n\u00e9cessaires pour que nous puissions traiter avec vous et vous fournir nos services. \u00c0 cet \u00e9gard, nous vous fournirons un certain nombre de cases \u00e0 cocher pour vous permettre de faire un choix clair et simple quant \u00e0 l&rsquo;utilisation de vos informations personnelles.<\/p>\n<h2>Qui conna\u00eetra les informations que nous vous demandons ?<\/h2>\n<p>De mani\u00e8re g\u00e9n\u00e9rale, seul le personnel d\u00fbment autoris\u00e9 de notre soci\u00e9t\u00e9 pourra conna\u00eetre les informations que nous vous demandons.<\/p>\n<p>De m\u00eame, les entit\u00e9s qui ont besoin d&rsquo;avoir acc\u00e8s \u00e0 vos informations personnelles pour que nous puissions vous fournir nos services peuvent \u00e9galement avoir acc\u00e8s \u00e0 vos informations personnelles. Par exemple, notre banque conna\u00eetra vos coordonn\u00e9es si le paiement de nos services est effectu\u00e9 par carte de cr\u00e9dit ou virement bancaire.<\/p>\n<p>De m\u00eame, les entit\u00e9s publiques ou priv\u00e9es auxquelles nous sommes oblig\u00e9s de fournir vos donn\u00e9es personnelles afin de se conformer \u00e0 toute loi auront connaissance de vos informations. Pour vous donner un exemple, la loi fiscale nous oblige \u00e0 fournir \u00e0 l&rsquo;administration fiscale certaines informations sur les transactions \u00e9conomiques d\u00e9passant un certain montant.<\/p>\n<p>Dans le cas o\u00f9, en dehors des cas susmentionn\u00e9s, nous devions divulguer vos informations personnelles \u00e0 d&rsquo;autres entit\u00e9s, nous vous demanderons votre autorisation pr\u00e9alable par le biais d&rsquo;options claires qui vous permettront de d\u00e9cider \u00e0 cet \u00e9gard.<\/p>\n<h2>Comment allons-nous prot\u00e9ger vos donn\u00e9es ?<\/h2>\n<p>Nous prot\u00e9gerons vos donn\u00e9es avec des mesures de s\u00e9curit\u00e9 efficaces en fonction des risques li\u00e9s \u00e0 l&rsquo;utilisation de vos informations.<\/p>\n<p>\u00c0 cette fin, nous avons adopt\u00e9 une politique de protection des donn\u00e9es et des contr\u00f4les et audits annuels sont effectu\u00e9s pour garantir la s\u00e9curit\u00e9 de vos donn\u00e9es personnelles \u00e0 tout moment.<\/p>\n<h2>Enverrons-nous vos donn\u00e9es dans d&rsquo;autres pays\u00a0?<\/h2>\n<p>Dans le monde, il y a des pays qui sont s\u00fbrs pour vos donn\u00e9es et d&rsquo;autres qui ne le sont pas. Par exemple, l&rsquo;Union europ\u00e9enne est un environnement s\u00fbr pour vos donn\u00e9es. Notre politique est de ne pas envoyer vos informations personnelles dans un pays qui n&rsquo;est pas s\u00fbr du point de vue de la protection des donn\u00e9es.<\/p>\n<p>Dans le cas o\u00f9, pour vous fournir le service, il est n\u00e9cessaire d&rsquo;envoyer vos donn\u00e9es dans un pays qui n&rsquo;est pas aussi s\u00fbr que l&rsquo;Espagne, nous demanderons toujours votre autorisation pr\u00e9alable et nous mettrons en \u0153uvre des mesures de s\u00e9curit\u00e9 efficaces pour r\u00e9duire les risques. d&rsquo;envoyer vos informations personnelles dans un autre pays.<\/p>\n<p>&nbsp;<\/p>\n<h2>Combien de temps conserverons-nous vos donn\u00e9es ?<\/h2>\n<p>Nous conserverons vos informations pendant toute la dur\u00e9e de notre relation et aussi longtemps que nous y serons tenus par la loi. A l&rsquo;issue des d\u00e9lais l\u00e9gaux applicables, nous en disposerons de mani\u00e8re s\u00fbre et respectueuse de l&rsquo;environnement.<\/p>\n<p>&nbsp;<\/p>\n<h2>Quels sont vos droits en mati\u00e8re de protection des donn\u00e9es\u00a0?<\/h2>\n<p>Vous pouvez nous contacter \u00e0 tout moment pour conna\u00eetre les informations que nous d\u00e9tenons \u00e0 votre sujet, les rectifier si elles sont incorrectes et les supprimer apr\u00e8s la fin de notre relation, lorsque cela est l\u00e9galement possible.<\/p>\n<p>Vous avez \u00e9galement le droit de demander le transfert de vos informations \u00e0 une autre entit\u00e9. Ce droit est appel\u00e9 \u00ab\u00a0portabilit\u00e9\u00a0\u00bb et peut \u00eatre utile dans certaines situations.<\/p>\n<p>Pour solliciter l&rsquo;un de ces droits, vous devez nous en faire la demande \u00e9crite, accompagn\u00e9e d&rsquo;une photocopie de votre carte d&rsquo;identit\u00e9, afin que nous puissions vous identifier.<\/p>\n<p>Nous disposons dans nos bureaux de formulaires sp\u00e9cifiques pour solliciter ces droits et nous vous proposons notre assistance pour les remplir.<\/p>\n<p>Pour en savoir plus sur vos droits en mati\u00e8re de protection des donn\u00e9es, vous pouvez consulter le site Web de l&rsquo;Agence espagnole de protection des donn\u00e9es (www.agpd.es).<\/p>\n<p>Pouvez-vous retirer votre consentement si vous changez d&rsquo;avis ult\u00e9rieurement\u00a0?<\/p>\n<p>Vous pouvez retirer votre consentement si vous changez d&rsquo;avis sur l&rsquo;utilisation de vos donn\u00e9es \u00e0 tout moment.<\/p>\n<p>Par exemple, si vous \u00e9tiez autrefois int\u00e9ress\u00e9 \u00e0 recevoir de la publicit\u00e9 pour nos produits ou services, mais que vous ne souhaitez plus recevoir de publicit\u00e9, vous pouvez nous le faire savoir en remplissant le formulaire d&rsquo;opposition disponible dans nos bureaux.<\/p>\n<h2>Si vous estimez que vos droits ont \u00e9t\u00e9 bafou\u00e9s, o\u00f9 pouvez-vous porter plainte ?<\/h2>\n<p>Si vous estimez que vos droits n&rsquo;ont pas \u00e9t\u00e9 respect\u00e9s par notre entit\u00e9, vous pouvez d\u00e9poser une plainte aupr\u00e8s de l&rsquo;Agence espagnole de protection des donn\u00e9es, par l&rsquo;un des moyens suivants\u00a0:<\/p>\n<ul>\n<li>Site \u00e9lectronique : www.agpd.es<\/li>\n<li>Adresse postale:<\/li>\n<li>Agence espagnole de protection des donn\u00e9es C\/ Jorge Juan, 6 28001-Madrid.<\/li>\n<li>Par t\u00e9l\u00e9phone : T\u00e9l. 901 100 099 \/ T\u00e9l. 91 266 35 17<\/li>\n<\/ul>\n<p>Le d\u00e9p\u00f4t d&rsquo;une plainte aupr\u00e8s de l&rsquo;Agence espagnole de protection des donn\u00e9es n&rsquo;entra\u00eene aucun co\u00fbt et l&rsquo;assistance d&rsquo;un avocat ou d&rsquo;un notaire n&rsquo;est pas n\u00e9cessaire.<\/p>\n<h2>Allons-nous cr\u00e9er des profils sur vous\u00a0?<\/h2>\n<p>Notre politique est de ne pas cr\u00e9er de profils sur les utilisateurs de nos services.<\/p>\n<p>Cependant, il peut y avoir des situations o\u00f9, pour la fourniture de services, \u00e0 des fins commerciales ou autres, nous devons cr\u00e9er des profils d&rsquo;informations vous concernant. Un exemple pourrait \u00eatre l&rsquo;utilisation de votre historique d&rsquo;achat ou de service pour pouvoir vous proposer des produits ou services adapt\u00e9s \u00e0 vos go\u00fbts ou besoins.<\/p>\n<p>Dans ce cas, nous appliquerons des mesures de s\u00e9curit\u00e9 efficaces qui prot\u00e8gent vos informations \u00e0 tout moment contre les personnes non autoris\u00e9es qui ont l&rsquo;intention de les utiliser pour leur propre b\u00e9n\u00e9fice.<\/p>\n<h2>Allons-nous utiliser vos donn\u00e9es \u00e0 d&rsquo;autres fins ?<\/h2>\n<p>Notre politique est de ne pas utiliser vos donn\u00e9es \u00e0 d&rsquo;autres fins que celles que nous vous avons expliqu\u00e9es. Si, toutefois, nous avons besoin d&rsquo;utiliser vos donn\u00e9es pour diff\u00e9rentes activit\u00e9s, nous vous demanderons toujours votre autorisation \u00e0 l&rsquo;avance via des options claires qui vous permettront de d\u00e9cider \u00e0 cet \u00e9gard.<\/p>\n<p>&nbsp;<\/p>\n<p>&nbsp;<\/p>\n<\/div><div class=\"fusion-text fusion-text-2\"><h1 style=\"text-align: center;\">Transparence<\/h1>\n<h2 style=\"text-align: center;\">INFORMATIONS CONFORMES \u00c0 LA R\u00c8GLEMENT DE TRANSPARENCE<\/h2>\n<p>Conform\u00e9ment \u00e0 la loi sur la transparence, nous d\u00e9clarons que les organes administratifs de la soci\u00e9t\u00e9 Julio Cabrero y C\u00eda. SL per\u00e7oit ensemble une r\u00e9mun\u00e9ration et une indemnit\u00e9 annuelles pour un montant total de 30 000,00 euros.<\/p>\n<\/div><\/div><style type=\"text\/css\">.fusion-body .fusion-builder-column-0{width:100% !important;margin-top : 0px;margin-bottom : 20px;}.fusion-builder-column-0 > .fusion-column-wrapper {padding-top : 0px !important;padding-right : 0px !important;margin-right : 1.92%;padding-bottom : 0px !important;padding-left : 0px !important;margin-left : 1.92%;}@media only screen and (max-width:1024px) {.fusion-body .fusion-builder-column-0{width:100% !important;order : 0;}.fusion-builder-column-0 > .fusion-column-wrapper {margin-right : 1.92%;margin-left : 1.92%;}}@media only screen and (max-width:640px) {.fusion-body .fusion-builder-column-0{width:100% !important;order : 0;}.fusion-builder-column-0 > .fusion-column-wrapper {margin-right : 1.92%;margin-left : 1.92%;}}<\/style><\/div><\/div><style type=\"text\/css\">.fusion-body .fusion-flex-container.fusion-builder-row-1{ padding-top : 0px;margin-top : 0px;padding-right : 0px;padding-bottom : 0px;margin-bottom : 0px;padding-left : 0px;}<\/style><\/div>\n","protected":false},"excerpt":{"rendered":"","protected":false},"author":1,"featured_media":0,"parent":0,"menu_order":0,"comment_status":"closed","ping_status":"closed","template":"","meta":{"_monsterinsights_skip_tracking":false,"_monsterinsights_sitenote_active":false,"_monsterinsights_sitenote_note":"","_monsterinsights_sitenote_category":0,"footnotes":"","_links_to":"","_links_to_target":""},"class_list":["post-908","page","type-page","status-publish","hentry"],"yoast_head":"<!-- This site is optimized with the Yoast SEO plugin v19.6.1 - https:\/\/yoast.com\/wordpress\/plugins\/seo\/ -->\n<title>Politique de confidentialit\u00e9 - Julio Cabrero<\/title>\n<meta name=\"robots\" content=\"index, follow, max-snippet:-1, max-image-preview:large, max-video-preview:-1\" \/>\n<link rel=\"canonical\" href=\"https:\/\/juliocabrero.com\/fr\/politique-de-confidentialite\/\" \/>\n<meta property=\"og:locale\" content=\"fr_FR\" \/>\n<meta property=\"og:type\" content=\"article\" \/>\n<meta property=\"og:title\" content=\"Politique de confidentialit\u00e9 - Julio Cabrero\" \/>\n<meta property=\"og:url\" content=\"https:\/\/juliocabrero.com\/fr\/politique-de-confidentialite\/\" \/>\n<meta property=\"og:site_name\" content=\"Julio Cabrero\" \/>\n<meta property=\"article:modified_time\" content=\"2023-09-12T11:38:53+00:00\" \/>\n<meta name=\"twitter:card\" content=\"summary_large_image\" \/>\n<meta name=\"twitter:label1\" content=\"Dur\u00e9e de lecture estim\u00e9e\" \/>\n\t<meta name=\"twitter:data1\" content=\"7 minutes\" \/>\n<script type=\"application\/ld+json\" class=\"yoast-schema-graph\">{\"@context\":\"https:\/\/schema.org\",\"@graph\":[{\"@type\":\"WebPage\",\"@id\":\"https:\/\/juliocabrero.com\/fr\/politique-de-confidentialite\/\",\"url\":\"https:\/\/juliocabrero.com\/fr\/politique-de-confidentialite\/\",\"name\":\"Politique de confidentialit\u00e9 - Julio Cabrero\",\"isPartOf\":{\"@id\":\"https:\/\/juliocabrero.com\/#website\"},\"datePublished\":\"2022-06-20T11:06:03+00:00\",\"dateModified\":\"2023-09-12T11:38:53+00:00\",\"breadcrumb\":{\"@id\":\"https:\/\/juliocabrero.com\/fr\/politique-de-confidentialite\/#breadcrumb\"},\"inLanguage\":\"fr-FR\",\"potentialAction\":[{\"@type\":\"ReadAction\",\"target\":[\"https:\/\/juliocabrero.com\/fr\/politique-de-confidentialite\/\"]}]},{\"@type\":\"BreadcrumbList\",\"@id\":\"https:\/\/juliocabrero.com\/fr\/politique-de-confidentialite\/#breadcrumb\",\"itemListElement\":[{\"@type\":\"ListItem\",\"position\":1,\"name\":\"Portada\",\"item\":\"https:\/\/juliocabrero.com\/fr\/\"},{\"@type\":\"ListItem\",\"position\":2,\"name\":\"Politique de confidentialit\u00e9\"}]},{\"@type\":\"WebSite\",\"@id\":\"https:\/\/juliocabrero.com\/#website\",\"url\":\"https:\/\/juliocabrero.com\/\",\"name\":\"Julio Cabrero\",\"description\":\"Azufres solubles micronizados\",\"potentialAction\":[{\"@type\":\"SearchAction\",\"target\":{\"@type\":\"EntryPoint\",\"urlTemplate\":\"https:\/\/juliocabrero.com\/?s={search_term_string}\"},\"query-input\":\"required name=search_term_string\"}],\"inLanguage\":\"fr-FR\"}]}<\/script>\n<!-- \/ Yoast SEO plugin. -->","yoast_head_json":{"title":"Politique de confidentialit\u00e9 - Julio Cabrero","robots":{"index":"index","follow":"follow","max-snippet":"max-snippet:-1","max-image-preview":"max-image-preview:large","max-video-preview":"max-video-preview:-1"},"canonical":"https:\/\/juliocabrero.com\/fr\/politique-de-confidentialite\/","og_locale":"fr_FR","og_type":"article","og_title":"Politique de confidentialit\u00e9 - Julio Cabrero","og_url":"https:\/\/juliocabrero.com\/fr\/politique-de-confidentialite\/","og_site_name":"Julio Cabrero","article_modified_time":"2023-09-12T11:38:53+00:00","twitter_card":"summary_large_image","twitter_misc":{"Dur\u00e9e de lecture estim\u00e9e":"7 minutes"},"schema":{"@context":"https:\/\/schema.org","@graph":[{"@type":"WebPage","@id":"https:\/\/juliocabrero.com\/fr\/politique-de-confidentialite\/","url":"https:\/\/juliocabrero.com\/fr\/politique-de-confidentialite\/","name":"Politique de confidentialit\u00e9 - Julio Cabrero","isPartOf":{"@id":"https:\/\/juliocabrero.com\/#website"},"datePublished":"2022-06-20T11:06:03+00:00","dateModified":"2023-09-12T11:38:53+00:00","breadcrumb":{"@id":"https:\/\/juliocabrero.com\/fr\/politique-de-confidentialite\/#breadcrumb"},"inLanguage":"fr-FR","potentialAction":[{"@type":"ReadAction","target":["https:\/\/juliocabrero.com\/fr\/politique-de-confidentialite\/"]}]},{"@type":"BreadcrumbList","@id":"https:\/\/juliocabrero.com\/fr\/politique-de-confidentialite\/#breadcrumb","itemListElement":[{"@type":"ListItem","position":1,"name":"Portada","item":"https:\/\/juliocabrero.com\/fr\/"},{"@type":"ListItem","position":2,"name":"Politique de confidentialit\u00e9"}]},{"@type":"WebSite","@id":"https:\/\/juliocabrero.com\/#website","url":"https:\/\/juliocabrero.com\/","name":"Julio Cabrero","description":"Azufres solubles micronizados","potentialAction":[{"@type":"SearchAction","target":{"@type":"EntryPoint","urlTemplate":"https:\/\/juliocabrero.com\/?s={search_term_string}"},"query-input":"required name=search_term_string"}],"inLanguage":"fr-FR"}]}},"_links":{"self":[{"href":"https:\/\/juliocabrero.com\/fr\/wp-json\/wp\/v2\/pages\/908","targetHints":{"allow":["GET"]}}],"collection":[{"href":"https:\/\/juliocabrero.com\/fr\/wp-json\/wp\/v2\/pages"}],"about":[{"href":"https:\/\/juliocabrero.com\/fr\/wp-json\/wp\/v2\/types\/page"}],"author":[{"embeddable":true,"href":"https:\/\/juliocabrero.com\/fr\/wp-json\/wp\/v2\/users\/1"}],"replies":[{"embeddable":true,"href":"https:\/\/juliocabrero.com\/fr\/wp-json\/wp\/v2\/comments?post=908"}],"version-history":[{"count":3,"href":"https:\/\/juliocabrero.com\/fr\/wp-json\/wp\/v2\/pages\/908\/revisions"}],"predecessor-version":[{"id":909,"href":"https:\/\/juliocabrero.com\/fr\/wp-json\/wp\/v2\/pages\/908\/revisions\/909"}],"wp:attachment":[{"href":"https:\/\/juliocabrero.com\/fr\/wp-json\/wp\/v2\/media?parent=908"}],"curies":[{"name":"wp","href":"https:\/\/api.w.org\/{rel}","templated":true}]}}