{"id":905,"date":"2022-06-20T13:13:16","date_gmt":"2022-06-20T11:13:16","guid":{"rendered":"https:\/\/juliocabrero.com\/cookie-policy\/"},"modified":"2023-02-03T13:42:58","modified_gmt":"2023-02-03T12:42:58","slug":"politique-de-cookies","status":"publish","type":"page","link":"https:\/\/juliocabrero.com\/fr\/politique-de-cookies\/","title":{"rendered":"Politique de cookies"},"content":{"rendered":"<div class=\"fusion-fullwidth fullwidth-box fusion-builder-row-1 fusion-flex-container nonhundred-percent-fullwidth non-hundred-percent-height-scrolling\" style=\"background-color: rgba(255,255,255,0);background-position: center center;background-repeat: no-repeat;border-width: 0px 0px 0px 0px;border-color:var(--awb-color3);border-style:solid;\" id=\"contenedorPoliticaCookies\" ><div class=\"fusion-builder-row fusion-row fusion-flex-align-items-flex-start\" style=\"max-width:1352px;margin-left: calc(-4% \/ 2 );margin-right: calc(-4% \/ 2 );\"><div class=\"fusion-layout-column fusion_builder_column fusion-builder-column-0 fusion_builder_column_1_1 1_1 fusion-flex-column\"><div class=\"fusion-column-wrapper fusion-flex-justify-content-flex-start fusion-content-layout-column\" style=\"background-position:left top;background-repeat:no-repeat;-webkit-background-size:cover;-moz-background-size:cover;-o-background-size:cover;background-size:cover;padding: 0px 0px 0px 0px;\"><div class=\"fusion-text fusion-text-1\"><p>Bienvenue sur la <strong>POLITIQUE DE COOKIES<\/strong> du site Web de l&rsquo;entit\u00e9 Julio Cabrero y Cia SL, munie du NIF B39031612, o\u00f9 nous expliquerons dans un langage clair et simple toutes les questions n\u00e9cessaires pour que vous puissiez les contr\u00f4ler en fonction de vos d\u00e9cisions personnelles.<\/p>\n<h2>Que sont les cookies et \u00e0 quoi les utilisons-nous ?<\/h2>\n<p>Un cookie ou cookie informatique est un petit fichier d&rsquo;informations qui est stock\u00e9 sur votre ordinateur, \u00ab\u00a0smartphone\u00a0\u00bb ou tablette \u00e0 chaque fois que vous visitez notre site Web.<\/p>\n<p>En principe, un cookie est inoffensif : il ne contient pas de virus, chevaux de Troie, vers, etc. qui peut endommager votre terminal, mais a un certain impact sur votre droit \u00e0 la protection de vos donn\u00e9es personnelles, puisqu&rsquo;il collecte certaines informations vous concernant (habitudes de navigation, identit\u00e9, pr\u00e9f\u00e9rences, etc.).<\/p>\n<p>C&rsquo;est pourquoi, sur la base des dispositions de la r\u00e9glementation applicable (LSSI et r\u00e9glementation en vigueur en mati\u00e8re de protection des donn\u00e9es personnelles), l&rsquo;activation de certains types de cookies n\u00e9cessitera votre autorisation pr\u00e9alable.<\/p>\n<p>Avant cela, nous vous donnerons quelques informations suppl\u00e9mentaires qui vous aideront \u00e0 prendre de meilleures d\u00e9cisions \u00e0 cet \u00e9gard :<\/p>\n<ol>\n<li>Les cookies peuvent \u00eatre de diff\u00e9rents types selon leur finalit\u00e9 :\n<ul>\n<li>Les cookies techniques sont n\u00e9cessaires au fonctionnement de notre site Web, ils ne n\u00e9cessitent pas votre autorisation et sont les seuls que nous avons activ\u00e9s par d\u00e9faut.<\/li>\n<li>Le reste des cookies sert \u00e0 am\u00e9liorer notre page, \u00e0 la personnaliser en fonction de vos pr\u00e9f\u00e9rences ou \u00e0 pouvoir vous montrer des publicit\u00e9s adapt\u00e9es \u00e0 vos recherches, vos go\u00fbts et vos int\u00e9r\u00eats personnels. Vous pouvez accepter tous ces cookies en appuyant sur le bouton <strong>ACCEPTER <\/strong>ou param\u00e9trer ou refuser leur utilisation en cliquant sur la rubrique <strong>CONFIGURATION DES COOKIES.<\/strong><\/li>\n<\/ul>\n<\/li>\n<li>\n<p>Certains cookies nous appartiennent (nous les appellerons <strong>cookies propri\u00e9taires<\/strong>) et d&rsquo;autres appartiennent \u00e0 des soci\u00e9t\u00e9s externes qui fournissent des services pour notre site Web (nous les appellerons <strong>cookies tiers<\/strong>\u00a0: un exemple pourrait \u00eatre les cookies de fournisseurs externes tels que Google). En ce sens, il est important que vous sachiez que certains de ces prestataires externes peuvent \u00eatre situ\u00e9s en dehors de l&rsquo;Espagne.<\/p>\n<p>Dans le monde, tous les pays n&rsquo;ont pas le m\u00eame niveau de protection des donn\u00e9es, certains pays \u00e9tant plus s\u00fbrs que d&rsquo;autres (par exemple, l&rsquo;Union europ\u00e9enne est un environnement s\u00fbr pour vos donn\u00e9es). Notre politique est d&rsquo;utiliser des prestataires fiables qui, qu&rsquo;ils soient ou non situ\u00e9s dans l&rsquo;Union europ\u00e9enne, ont adopt\u00e9 les garanties appropri\u00e9es pour la protection de vos informations personnelles. Cependant, dans la section intitul\u00e9e <strong>QUEL TYPE DE COOKIES SONT ACTUELLEMENT UTILIS\u00c9S SUR NOTRE SITE WEB\u00a0?<\/strong>, vous pouvez consulter les diff\u00e9rentes politiques de confidentialit\u00e9 et de protection des donn\u00e9es de chacun des fournisseurs externes susmentionn\u00e9s, afin de prendre une d\u00e9cision consciente quant \u00e0 l&rsquo;activation ou non de tiers. &#8211; <strong>les cookies tiers<\/strong> utilis\u00e9s par notre site Web.<\/p>\n<\/li>\n<li>Enfin, je voudrais vous dire que, selon la dur\u00e9e pendant laquelle ils restent actifs, les cookies peuvent \u00eatre de deux types :\n<ul>\n<li><strong>Cookies de session<\/strong> : ils expirent automatiquement lorsque vous terminez la session sur votre ordinateur, \u00ab smartphone \u00bb ou tablette. Ils sont g\u00e9n\u00e9ralement utilis\u00e9s pour conserver les informations n\u00e9cessaires pendant qu&rsquo;un service vous est fourni en une seule occasion.<\/li>\n<li><strong>Cookies persistants :<\/strong> ils restent stock\u00e9s sur votre ordinateur, \u00ab smartphone \u00bb ou tablette pendant une certaine dur\u00e9e, qui peut varier de quelques minutes \u00e0 plusieurs ann\u00e9es.<\/li>\n<\/ul>\n<\/li>\n<\/ol>\n<h2>QUEL TYPE DE COOKIES POUVONS-NOUS UTILISER SUR NOTRE SITE WEB ?<\/h2>\n<ul>\n<li><strong>Cookies techniques :<\/strong><\/li>\n<\/ul>\n<p style=\"padding-left: 40px;\">Les cookies techniques sont strictement n\u00e9cessaires au fonctionnement de notre site Web et \u00e0 votre navigation. Ces types de cookies sont ceux qui, par exemple, nous permettent de vous identifier, vous donnent acc\u00e8s \u00e0 certaines parties restreintes de la page si n\u00e9cessaire, ou m\u00e9morisent diff\u00e9rentes options ou services que vous avez d\u00e9j\u00e0 s\u00e9lectionn\u00e9s, tels que vos pr\u00e9f\u00e9rences de confidentialit\u00e9. Par cons\u00e9quent, <strong>ils sont activ\u00e9s par d\u00e9faut et votre autorisation n&rsquo;est pas requise \u00e0 cet \u00e9gard.<\/strong><\/p>\n<p style=\"padding-left: 40px;\">Gr\u00e2ce \u00e0 la configuration de votre navigateur, vous pouvez bloquer ou alerter la pr\u00e9sence de ce type de cookies, bien que ce blocage affectera le bon fonctionnement des diff\u00e9rentes fonctionnalit\u00e9s de notre site Web.<\/p>\n<ul>\n<li>\n<p><strong>Cookies d&rsquo;analyse\u00a0:<\/strong><\/p>\n<p>Les cookies d&rsquo;analyse nous permettent d&rsquo;\u00e9tudier la navigation des utilisateurs de notre site Web en g\u00e9n\u00e9ral (par exemple, quelles sections de la page sont les plus visit\u00e9es, quels services sont les plus utilis\u00e9s et s&rsquo;ils fonctionnent correctement, etc.).<\/p>\n<p>Sur la base des informations statistiques sur la navigation sur notre site Web, nous pouvons am\u00e9liorer \u00e0 la fois le fonctionnement de la page elle-m\u00eame et les diff\u00e9rents services qu&rsquo;elle propose. Par cons\u00e9quent, ces cookies <strong>n&rsquo;ont pas de but publicitaire<\/strong>, mais servent uniquement \u00e0 am\u00e9liorer le fonctionnement de notre site Web, en s&rsquo;adaptant \u00e0 nos utilisateurs en g\u00e9n\u00e9ral. En les activant vous contribuerez \u00e0 cette am\u00e9lioration continue.<\/p>\n<p><strong>Vous pouvez activer ou d\u00e9sactiver ces cookies en cochant la case correspondante<\/strong>, \u00e9tant d\u00e9sactiv\u00e9e par d\u00e9faut.<\/p>\n<\/li>\n<li>\n<p><strong>Cookies de fonctionnalit\u00e9 et de personnalisation\u00a0:<\/strong><\/p>\n<p>Les cookies de fonctionnalit\u00e9 nous permettent de m\u00e9moriser vos pr\u00e9f\u00e9rences, de personnaliser certaines caract\u00e9ristiques et options g\u00e9n\u00e9rales de notre site Web \u00e0 votre convenance, \u00e0 chaque fois que vous y acc\u00e9dez (par exemple, la langue dans laquelle les informations vous sont pr\u00e9sent\u00e9es, les sections marqu\u00e9es comme favoris, votre type de navigateur, etc.).<\/p>\n<p>Par cons\u00e9quent, ces types de cookies<strong> n&rsquo;ont pas de but publicitaire<\/strong>, mais en les activant, vous am\u00e9liorerez la fonctionnalit\u00e9 de la page Web (par exemple, en l&rsquo;adaptant \u00e0 votre type de navigateur) et en la personnalisant en fonction de vos pr\u00e9f\u00e9rences (par exemple, en pr\u00e9sentant le des informations dans la langue que vous avez choisie lors d&rsquo;occasions pr\u00e9c\u00e9dentes), qui contribueront \u00e0 la convivialit\u00e9, \u00e0 la convivialit\u00e9 et au confort de notre page lors de votre navigation.<\/p>\n<p><strong>Vous pouvez activer ou d\u00e9sactiver ces cookies en cochant la case correspondante<\/strong>, \u00e9tant d\u00e9sactiv\u00e9e par d\u00e9faut.<\/li>\n<li>\n<p><strong>Cookies publicitaires\u00a0:<\/strong><\/p>\n<p>Les cookies publicitaires nous permettent de g\u00e9rer les espaces publicitaires inclus sur notre site en fonction de crit\u00e8res tels que le contenu affich\u00e9 ou la fr\u00e9quence d&rsquo;affichage des publicit\u00e9s.<\/p>\n<p>Par exemple, si vous avez vu plusieurs fois la m\u00eame publicit\u00e9 sur notre site Web et que vous n&rsquo;avez manifest\u00e9 aucun int\u00e9r\u00eat personnel en cliquant dessus, elle n&rsquo;appara\u00eetra plus. En r\u00e9sum\u00e9, en activant ce type de cookies, les publicit\u00e9s diffus\u00e9es sur notre site seront plus utiles et diversifi\u00e9es, et moins r\u00e9p\u00e9titives.<\/p>\n<p><strong>Vous pouvez activer ou d\u00e9sactiver ces cookies en cochant la case correspondante<\/strong>, \u00e9tant d\u00e9sactiv\u00e9e par d\u00e9faut.<\/p>\n<\/li>\n<li>\n<p><strong>Cookies de publicit\u00e9 comportementale :<\/strong><\/p>\n<p>Les cookies de publicit\u00e9 comportementale nous permettent d&rsquo;obtenir des informations bas\u00e9es sur l&rsquo;observation de vos habitudes et comportements de navigation sur le web, afin de pouvoir vous montrer des contenus publicitaires qui correspondent le mieux \u00e0 vos go\u00fbts et int\u00e9r\u00eats personnels.<\/p>\n<p>Pour que vous le compreniez de mani\u00e8re tr\u00e8s simple, nous allons vous donner un exemple fictif : si vos derni\u00e8res recherches sur le web concernaient la litt\u00e9rature \u00e0 suspense, nous vous montrerions des publicit\u00e9s sur les livres \u00e0 suspense.<\/p>\n<p>Par cons\u00e9quent, en activant ce type de cookie, la publicit\u00e9 que nous vous montrons sur notre site Web ne sera pas g\u00e9n\u00e9rique, mais sera orient\u00e9e vers vos recherches, vos go\u00fbts et vos int\u00e9r\u00eats, s&rsquo;ajustant donc exclusivement \u00e0 vous.<\/p>\n<p><strong>Vous pouvez activer ou d\u00e9sactiver ces cookies en cochant la case correspondante<\/strong>, \u00e9tant d\u00e9sactiv\u00e9e par d\u00e9faut.<\/p>\n<\/li>\n<\/ul>\n<h2><span class=\"HwtZe\" lang=\"en\"><span class=\"jCAhz ChMk0b\"><span class=\"ryNqvb\">QUEL TYPE DE COOKIES SONT ACTUELLEMENT UTILIS\u00c9S SUR NOTRE SITE WEB ?<\/span><\/span><\/span><\/h2>\n<p><span class=\"HwtZe\" lang=\"en\"><span class=\"jCAhz ChMk0b\"><span class=\"ryNqvb\">Ensuite, nous proc\u00e9dons \u00e0 vous informer sur tous les types de cookies qui sont actuellement utilis\u00e9s sur notre site Web et le but de chacun d&rsquo;eux.<\/span><\/span><\/span><\/p>\n<table style=\"width: 100%; height: 648px;\" cellspacing=\"0\" cellpadding=\"0\">\n<thead>\n<tr style=\"height: 72px;\">\n<th style=\"height: 72px; width: 8.92226%;\">Type de cookies<\/th>\n<th style=\"height: 72px; width: 54.2403%;\">But<\/th>\n<th style=\"height: 72px; width: 22.4382%;\">Entit\u00e9 responsable et lien vers sa politique de confidentialit\u00e9 et de protection des donn\u00e9es<\/th>\n<th style=\"height: 72px; width: 14.2226%;\">P\u00e9riode (session\/persistant)<\/th>\n<\/tr>\n<\/thead>\n<tbody>\n<tr style=\"height: 48px;\">\n<td style=\"height: 48px; width: 8.92226%;\">Publicit\u00e9<\/td>\n<td style=\"height: 48px; width: 54.2403%;\">Youtube d\u00e9finit le cookie YSC et il est utilis\u00e9 pour suivre les vues des vid\u00e9os int\u00e9gr\u00e9es dans les pages Youtube<\/td>\n<td style=\"height: 48px; width: 22.4382%;\">.youtube.com<\/td>\n<td style=\"height: 48px; width: 14.2226%;\">Session<\/td>\n<\/tr>\n<tr style=\"height: 48px;\">\n<td style=\"height: 48px; width: 8.92226%;\">Publicit\u00e9<\/td>\n<td style=\"height: 48px; width: 54.2403%;\">Un cookie d\u00e9fini par YouTube pour mesurer la bande passante qui d\u00e9termine si l&rsquo;utilisateur obtient l&rsquo;ancienne ou la nouvelle interface du lecteur.<\/td>\n<td style=\"height: 48px; width: 22.4382%;\">.youtube.com<\/td>\n<td style=\"height: 48px; width: 14.2226%;\">5 mois 27 journ\u00e9es<\/td>\n<\/tr>\n<tr style=\"height: 48px;\">\n<td style=\"height: 48px; width: 8.92226%;\">Analytique<\/td>\n<td style=\"height: 48px; width: 54.2403%;\">YouTube sets this cookie through embedded YouTube videos and records anonymous statistical data.<\/td>\n<td style=\"height: 48px; width: 22.4382%;\">.youtube.com<\/td>\n<td style=\"height: 48px; width: 14.2226%;\">2 ans<\/td>\n<\/tr>\n<tr style=\"height: 96px;\">\n<td style=\"height: 96px; width: 8.92226%;\">N\u00e9cessaire<\/td>\n<td style=\"height: 96px; width: 54.2403%;\">Ce cookie est natif des applications PHP. Le cookie est utilis\u00e9 pour stocker et identifier l&rsquo;identifiant de session unique d&rsquo;un utilisateur dans le but de g\u00e9rer la session de l&rsquo;utilisateur sur le site Web. Le cookie est un cookie de session et est supprim\u00e9 lorsque toutes les fen\u00eatres du navigateur sont ferm\u00e9es.<\/td>\n<td style=\"height: 96px; width: 22.4382%;\">juliocabrero.com<\/td>\n<td style=\"height: 96px; width: 14.2226%;\">Session<\/td>\n<\/tr>\n<tr style=\"height: 96px;\">\n<td style=\"height: 96px; width: 8.92226%;\">Performance<\/td>\n<td style=\"height: 96px; width: 54.2403%;\">Ce cookie est d\u00e9fini par Google Analytics et est utilis\u00e9 pour distinguer les utilisateurs et les sessions. Le cookie est cr\u00e9\u00e9 lorsque la biblioth\u00e8que JavaScript est ex\u00e9cut\u00e9e et qu&rsquo;il n&rsquo;y a pas de cookies __utma existants. Le cookie est mis \u00e0 jour chaque fois que des donn\u00e9es sont envoy\u00e9es \u00e0 Google Analytics.<\/td>\n<td style=\"height: 96px; width: 22.4382%;\">juliocabrero.com<\/td>\n<td style=\"height: 96px; width: 14.2226%;\">2 ans<\/td>\n<\/tr>\n<tr style=\"height: 72px;\">\n<td style=\"height: 72px; width: 8.92226%;\">Performance<\/td>\n<td style=\"height: 72px; width: 54.2403%;\">Google Analytics d\u00e9finit ce cookie pour d\u00e9terminer les nouvelles sessions\/visites. Le cookie __utmb est cr\u00e9\u00e9 lorsque la biblioth\u00e8que JavaScript est ex\u00e9cut\u00e9e et qu&rsquo;il n&rsquo;y a pas de cookies __utma existants. Il est mis \u00e0 jour chaque fois que des donn\u00e9es sont envoy\u00e9es \u00e0 Google Analytics.<\/td>\n<td style=\"height: 72px; width: 22.4382%;\">juliocabrero.com<\/td>\n<td style=\"height: 72px; width: 14.2226%;\">30 minutes<\/td>\n<\/tr>\n<tr style=\"height: 96px;\">\n<td style=\"height: 96px; width: 8.92226%;\">Performance<\/td>\n<td style=\"height: 96px; width: 54.2403%;\">Le cookie est d\u00e9fini par Google Analytics et est supprim\u00e9 lorsque l&rsquo;utilisateur ferme le navigateur. Il est utilis\u00e9 pour permettre l&rsquo;interop\u00e9rabilit\u00e9 avec urchin.js, qui est une ancienne version de Google Analytics et est utilis\u00e9 conjointement avec le cookie __utmb pour d\u00e9terminer les nouvelles sessions\/visites.<\/td>\n<td style=\"height: 96px; width: 22.4382%;\">juliocabrero.com<\/td>\n<td style=\"height: 96px; width: 14.2226%;\">Session<\/td>\n<\/tr>\n<tr style=\"height: 48px;\">\n<td style=\"height: 48px; width: 8.92226%;\">Performance<\/td>\n<td style=\"height: 48px; width: 54.2403%;\">Google Analytics d\u00e9finit ce cookie pour stocker la source de trafic ou la campagne par laquelle le visiteur est venu sur le site.<\/td>\n<td style=\"height: 48px; width: 22.4382%;\">juliocabrero.com<\/td>\n<td style=\"height: 48px; width: 14.2226%;\">6 mois<\/td>\n<\/tr>\n<tr style=\"height: 24px;\">\n<td style=\"height: 24px; width: 8.92226%;\">Performance<\/td>\n<td style=\"height: 24px; width: 54.2403%;\">Google Analytics d\u00e9finit ce cookie pour inhiber le taux de demande.<\/td>\n<td style=\"height: 24px; width: 22.4382%;\">juliocabrero.com<\/td>\n<td style=\"height: 24px; width: 14.2226%;\">10 minutes<\/td>\n<\/tr>\n<\/tbody>\n<\/table>\n<h2>\u00a0<\/h2>\n<h2>QUE POUVEZ-VOUS FAIRE AVEC LES COOKIES ?<\/h2>\n<p>Lorsque vous acc\u00e9dez pour la premi\u00e8re fois \u00e0 notre site Web, une fen\u00eatre s&rsquo;affiche dans laquelle nous vous informons que les cookies peuvent \u00eatre de diff\u00e9rents types :<\/p>\n<ul>\n<li>Les cookies techniques sont n\u00e9cessaires au fonctionnement de notre site Web, ils ne n\u00e9cessitent pas votre autorisation et sont les seuls que nous avons activ\u00e9s par d\u00e9faut.<\/li>\n<li>Le reste des cookies sert \u00e0 am\u00e9liorer notre page, \u00e0 la personnaliser en fonction de vos pr\u00e9f\u00e9rences ou \u00e0 pouvoir vous montrer des publicit\u00e9s adapt\u00e9es \u00e0 vos recherches, vos go\u00fbts et vos int\u00e9r\u00eats personnels. Vous pouvez accepter tous ces cookies en appuyant sur le bouton ACCEPTER ou param\u00e9trer ou refuser leur utilisation en cliquant sur la rubrique CONFIGURATION DES COOKIES.<\/li>\n<\/ul>\n<p>Vous informez \u00e9galement qu&rsquo;une fois que vous avez activ\u00e9 tout type de cookies, vous avez la possibilit\u00e9 de les d\u00e9sactiver \u00e0 tout moment, en d\u00e9cochant simplement la case correspondante dans la section CONFIGURATION DES COOKIES de notre site Web. Il vous sera toujours aussi facile d&rsquo;activer nos propres cookies que de les d\u00e9sactiver.<\/p>\n<p>Nous vous rappelons \u00e9galement que, gr\u00e2ce \u00e0 la configuration de votre navigateur, vous pouvez bloquer ou alerter de la pr\u00e9sence de cookies, bien que ce blocage puisse affecter le bon fonctionnement des diff\u00e9rentes fonctionnalit\u00e9s de notre site Web en cas de cookies techniques n\u00e9cessaires.<\/p>\n<p>Enfin, nous attirons votre attention sur le fait que si vous activez les cookies tiers (soci\u00e9t\u00e9s externes qui fournissent des services pour notre site Web) et que vous souhaitez ult\u00e9rieurement les d\u00e9sactiver, vous pouvez le faire de deux mani\u00e8res : en utilisant les outils de d\u00e9sactivation des cookies de votre navigateur ou via les syst\u00e8mes activ\u00e9s eux-m\u00eames. par ces fournisseurs tiers.<\/p>\n<p>&nbsp;<\/p>\n<p>&nbsp;<\/p>\n<\/div><\/div><style type=\"text\/css\">.fusion-body .fusion-builder-column-0{width:100% !important;margin-top : 0px;margin-bottom : 20px;}.fusion-builder-column-0 > .fusion-column-wrapper {padding-top : 0px !important;padding-right : 0px !important;margin-right : 1.92%;padding-bottom : 0px !important;padding-left : 0px !important;margin-left : 1.92%;}@media only screen and (max-width:1024px) {.fusion-body .fusion-builder-column-0{width:100% !important;order : 0;}.fusion-builder-column-0 > .fusion-column-wrapper {margin-right : 1.92%;margin-left : 1.92%;}}@media only screen and (max-width:640px) {.fusion-body .fusion-builder-column-0{width:100% !important;order : 0;}.fusion-builder-column-0 > .fusion-column-wrapper {margin-right : 1.92%;margin-left : 1.92%;}}<\/style><\/div><\/div><style type=\"text\/css\">.fusion-body .fusion-flex-container.fusion-builder-row-1{ padding-top : 0px;margin-top : 0px;padding-right : 0px;padding-bottom : 0px;margin-bottom : 0px;padding-left : 0px;}<\/style><\/div>\n","protected":false},"excerpt":{"rendered":"","protected":false},"author":1,"featured_media":0,"parent":0,"menu_order":0,"comment_status":"closed","ping_status":"closed","template":"","meta":{"_monsterinsights_skip_tracking":false,"_monsterinsights_sitenote_active":false,"_monsterinsights_sitenote_note":"","_monsterinsights_sitenote_category":0,"footnotes":"","_links_to":"","_links_to_target":""},"class_list":["post-905","page","type-page","status-publish","hentry"],"yoast_head":"<!-- This site is optimized with the Yoast SEO plugin v19.6.1 - https:\/\/yoast.com\/wordpress\/plugins\/seo\/ -->\n<title>Politique de cookies - Julio Cabrero<\/title>\n<meta name=\"robots\" content=\"index, follow, max-snippet:-1, max-image-preview:large, max-video-preview:-1\" \/>\n<link rel=\"canonical\" href=\"https:\/\/juliocabrero.com\/fr\/politique-de-cookies\/\" \/>\n<meta property=\"og:locale\" content=\"fr_FR\" \/>\n<meta property=\"og:type\" content=\"article\" \/>\n<meta property=\"og:title\" content=\"Politique de cookies - Julio Cabrero\" \/>\n<meta property=\"og:url\" content=\"https:\/\/juliocabrero.com\/fr\/politique-de-cookies\/\" \/>\n<meta property=\"og:site_name\" content=\"Julio Cabrero\" \/>\n<meta property=\"article:modified_time\" content=\"2023-02-03T12:42:58+00:00\" \/>\n<meta name=\"twitter:card\" content=\"summary_large_image\" \/>\n<meta name=\"twitter:label1\" content=\"Dur\u00e9e de lecture estim\u00e9e\" \/>\n\t<meta name=\"twitter:data1\" content=\"10 minutes\" \/>\n<script type=\"application\/ld+json\" class=\"yoast-schema-graph\">{\"@context\":\"https:\/\/schema.org\",\"@graph\":[{\"@type\":\"WebPage\",\"@id\":\"https:\/\/juliocabrero.com\/fr\/politique-de-cookies\/\",\"url\":\"https:\/\/juliocabrero.com\/fr\/politique-de-cookies\/\",\"name\":\"Politique de cookies - Julio Cabrero\",\"isPartOf\":{\"@id\":\"https:\/\/juliocabrero.com\/#website\"},\"datePublished\":\"2022-06-20T11:13:16+00:00\",\"dateModified\":\"2023-02-03T12:42:58+00:00\",\"breadcrumb\":{\"@id\":\"https:\/\/juliocabrero.com\/fr\/politique-de-cookies\/#breadcrumb\"},\"inLanguage\":\"fr-FR\",\"potentialAction\":[{\"@type\":\"ReadAction\",\"target\":[\"https:\/\/juliocabrero.com\/fr\/politique-de-cookies\/\"]}]},{\"@type\":\"BreadcrumbList\",\"@id\":\"https:\/\/juliocabrero.com\/fr\/politique-de-cookies\/#breadcrumb\",\"itemListElement\":[{\"@type\":\"ListItem\",\"position\":1,\"name\":\"Portada\",\"item\":\"https:\/\/juliocabrero.com\/fr\/\"},{\"@type\":\"ListItem\",\"position\":2,\"name\":\"Politique de cookies\"}]},{\"@type\":\"WebSite\",\"@id\":\"https:\/\/juliocabrero.com\/#website\",\"url\":\"https:\/\/juliocabrero.com\/\",\"name\":\"Julio Cabrero\",\"description\":\"Azufres solubles micronizados\",\"potentialAction\":[{\"@type\":\"SearchAction\",\"target\":{\"@type\":\"EntryPoint\",\"urlTemplate\":\"https:\/\/juliocabrero.com\/?s={search_term_string}\"},\"query-input\":\"required name=search_term_string\"}],\"inLanguage\":\"fr-FR\"}]}<\/script>\n<!-- \/ Yoast SEO plugin. -->","yoast_head_json":{"title":"Politique de cookies - Julio Cabrero","robots":{"index":"index","follow":"follow","max-snippet":"max-snippet:-1","max-image-preview":"max-image-preview:large","max-video-preview":"max-video-preview:-1"},"canonical":"https:\/\/juliocabrero.com\/fr\/politique-de-cookies\/","og_locale":"fr_FR","og_type":"article","og_title":"Politique de cookies - Julio Cabrero","og_url":"https:\/\/juliocabrero.com\/fr\/politique-de-cookies\/","og_site_name":"Julio Cabrero","article_modified_time":"2023-02-03T12:42:58+00:00","twitter_card":"summary_large_image","twitter_misc":{"Dur\u00e9e de lecture estim\u00e9e":"10 minutes"},"schema":{"@context":"https:\/\/schema.org","@graph":[{"@type":"WebPage","@id":"https:\/\/juliocabrero.com\/fr\/politique-de-cookies\/","url":"https:\/\/juliocabrero.com\/fr\/politique-de-cookies\/","name":"Politique de cookies - Julio Cabrero","isPartOf":{"@id":"https:\/\/juliocabrero.com\/#website"},"datePublished":"2022-06-20T11:13:16+00:00","dateModified":"2023-02-03T12:42:58+00:00","breadcrumb":{"@id":"https:\/\/juliocabrero.com\/fr\/politique-de-cookies\/#breadcrumb"},"inLanguage":"fr-FR","potentialAction":[{"@type":"ReadAction","target":["https:\/\/juliocabrero.com\/fr\/politique-de-cookies\/"]}]},{"@type":"BreadcrumbList","@id":"https:\/\/juliocabrero.com\/fr\/politique-de-cookies\/#breadcrumb","itemListElement":[{"@type":"ListItem","position":1,"name":"Portada","item":"https:\/\/juliocabrero.com\/fr\/"},{"@type":"ListItem","position":2,"name":"Politique de cookies"}]},{"@type":"WebSite","@id":"https:\/\/juliocabrero.com\/#website","url":"https:\/\/juliocabrero.com\/","name":"Julio Cabrero","description":"Azufres solubles micronizados","potentialAction":[{"@type":"SearchAction","target":{"@type":"EntryPoint","urlTemplate":"https:\/\/juliocabrero.com\/?s={search_term_string}"},"query-input":"required name=search_term_string"}],"inLanguage":"fr-FR"}]}},"_links":{"self":[{"href":"https:\/\/juliocabrero.com\/fr\/wp-json\/wp\/v2\/pages\/905","targetHints":{"allow":["GET"]}}],"collection":[{"href":"https:\/\/juliocabrero.com\/fr\/wp-json\/wp\/v2\/pages"}],"about":[{"href":"https:\/\/juliocabrero.com\/fr\/wp-json\/wp\/v2\/types\/page"}],"author":[{"embeddable":true,"href":"https:\/\/juliocabrero.com\/fr\/wp-json\/wp\/v2\/users\/1"}],"replies":[{"embeddable":true,"href":"https:\/\/juliocabrero.com\/fr\/wp-json\/wp\/v2\/comments?post=905"}],"version-history":[{"count":2,"href":"https:\/\/juliocabrero.com\/fr\/wp-json\/wp\/v2\/pages\/905\/revisions"}],"predecessor-version":[{"id":907,"href":"https:\/\/juliocabrero.com\/fr\/wp-json\/wp\/v2\/pages\/905\/revisions\/907"}],"wp:attachment":[{"href":"https:\/\/juliocabrero.com\/fr\/wp-json\/wp\/v2\/media?parent=905"}],"curies":[{"name":"wp","href":"https:\/\/api.w.org\/{rel}","templated":true}]}}