{"id":931,"date":"2018-01-19T12:13:57","date_gmt":"2018-01-19T10:13:57","guid":{"rendered":"https:\/\/juliocabrero.com\/politica-de-privacidad-2\/"},"modified":"2018-01-19T12:13:57","modified_gmt":"2018-01-19T10:13:57","slug":"politica-de-privacidad-2","status":"publish","type":"page","link":"https:\/\/juliocabrero.com\/en\/politica-de-privacidad-2\/","title":{"rendered":"Pol\u00edtica de privacidad 2"},"content":{"rendered":"<p><div class=\"fusion-fullwidth fullwidth-box fusion-builder-row-1 fusion-flex-container nonhundred-percent-fullwidth non-hundred-percent-height-scrolling\" style=\"background-color: rgba(255,255,255,0);background-position: center center;background-repeat: no-repeat;border-width: 0px 0px 0px 0px;border-color:var(--awb-color3);border-style:solid;\" ><div class=\"fusion-builder-row fusion-row fusion-flex-align-items-flex-start\" style=\"max-width:1352px;margin-left: calc(-4% \/ 2 );margin-right: calc(-4% \/ 2 );\"><div class=\"fusion-layout-column fusion_builder_column fusion-builder-column-0 fusion_builder_column_1_1 1_1 fusion-flex-column\"><div class=\"fusion-column-wrapper fusion-flex-justify-content-flex-start fusion-content-layout-column\" style=\"background-position:left top;background-repeat:no-repeat;-webkit-background-size:cover;-moz-background-size:cover;-o-background-size:cover;background-size:cover;padding: 0px 0px 0px 0px;\"><div class=\"fusion-text fusion-text-1\"><h2 class=\"titular-azul\">Pol\u00edtica de privacidad<\/h2>\n<\/div><\/div><style type=\"text\/css\">.fusion-body .fusion-builder-column-0{width:100% !important;margin-top : 0px;margin-bottom : 20px;}.fusion-builder-column-0 > .fusion-column-wrapper {padding-top : 0px !important;padding-right : 0px !important;margin-right : 1.92%;padding-bottom : 0px !important;padding-left : 0px !important;margin-left : 1.92%;}@media only screen and (max-width:1024px) {.fusion-body .fusion-builder-column-0{width:100% !important;}.fusion-builder-column-0 > .fusion-column-wrapper {margin-right : 1.92%;margin-left : 1.92%;}}@media only screen and (max-width:640px) {.fusion-body .fusion-builder-column-0{width:100% !important;}.fusion-builder-column-0 > .fusion-column-wrapper {margin-right : 1.92%;margin-left : 1.92%;}}<\/style><\/div><\/div><style type=\"text\/css\">.fusion-body .fusion-flex-container.fusion-builder-row-1{ padding-top : 0px;margin-top : 0px;padding-right : 0px;padding-bottom : 0px;margin-bottom : 0px;padding-left : 0px;}<\/style><\/div><div class=\"fusion-fullwidth fullwidth-box fusion-builder-row-2 fusion-flex-container nonhundred-percent-fullwidth non-hundred-percent-height-scrolling\" style=\"background-color: rgba(255,255,255,0);background-position: center center;background-repeat: no-repeat;border-width: 0px 0px 0px 0px;border-color:var(--awb-color3);border-style:solid;\" ><div class=\"fusion-builder-row fusion-row fusion-flex-align-items-flex-start\" style=\"max-width:1352px;margin-left: calc(-4% \/ 2 );margin-right: calc(-4% \/ 2 );\"><div class=\"fusion-layout-column fusion_builder_column fusion-builder-column-1 fusion_builder_column_1_1 1_1 fusion-flex-column\"><div class=\"fusion-column-wrapper fusion-flex-justify-content-flex-start fusion-content-layout-column\" style=\"background-position:left top;background-repeat:no-repeat;-webkit-background-size:cover;-moz-background-size:cover;-o-background-size:cover;background-size:cover;padding: 0px 0px 0px 0px;\"><div class=\"fusion-text fusion-text-2\"><p>Le informamos que sus datos personales ser\u00e1n tratados por <strong>[blog info=&#8221;name&#8221;]<\/strong>, con el fin de gestionar su solicitud y el mantenimiento de las relaciones profesionales y comerciales con usted. Sus datos solo ser\u00e1n compartidos entre los centros comerciales donde participe cada usuario y con el promotor Atresmedia a efectos de favorecer la comunicaci\u00f3n con los participantes. El tratamiento inform\u00e1tico de datos es necesario para atender su solicitud. Sus datos ser\u00e1n conservados hasta que Usted se d\u00e9 de baja del servicio y\/o pasado un tiempo prudencial desde que atendamos su solicitud. Ud. puede ejercer sus derechos de acceso, rectificaci\u00f3n, cancelaci\u00f3n, oposici\u00f3n, portabilidad y limitaci\u00f3n del tratamiento de sus datos dirigi\u00e9ndose a <strong>( C\/___________ ) (C.P.: xxxxx) (Poblaci\u00f3n) (Provincia) (e-mail),<\/strong>\u00a0acompa\u00f1ando copia de su DNI acreditando debidamente su identidad. En cualquier situaci\u00f3n, Ud. tiene derecho a presentar una reclamaci\u00f3n ante la Agencia Espa\u00f1ola de Protecci\u00f3n de Datos (AEPD).<\/p>\n<h3>Pol\u00edtica de cookies<\/h3>\n<p>Utilizamos cookies propias y de terceros para mejorar nuestros servicios mediante el an\u00e1lisis de sus h\u00e1bitos de navegaci\u00f3n.<\/p>\n<h4><strong>\u00bfQu\u00e9 son las cookies?<\/strong><\/h4>\n<p>Una cookie es un fichero que se descarga en su ordenador al acceder a determinadas p\u00e1ginas web. Las cookies permiten a una p\u00e1gina web, entre otras cosas, almacenar y recuperar informaci\u00f3n sobre las preferencias de navegaci\u00f3n de un usuario o de su equipo.<\/p>\n<p>Utilizamos cookies para almacenar las preferencias del usuario con el fin de mejorar la calidad de nuestros servicios, asegurar el funcionamiento t\u00e9cnico tanto del portal como de las transacciones realizadas,\u00a0<strong>y desarrollar nuevas y mejores prestaciones. Si se desactivan o rechazan las cookies, puede ocurrir que algunas de las funciones y\/o servicios no funcionen adecuadamente.<\/strong><\/p>\n<h4><strong>\u00bfC\u00f3mo deshabilitar las cookies en los principales navegadores?<\/strong><\/h4>\n<p>Normalmente es posible dejar de aceptar las Cookies del navegador, o dejar de aceptar las Cookies de un Servicio en particular. Todos los navegadores modernos permiten cambiar la configuraci\u00f3n de Cookies. Estos ajustes normalmente se encuentra en las \u2018opciones\u2019 o \u2018Preferencias\u2019 del men\u00fa de su navegador. Aunque puede variar ligeramente de una versi\u00f3n de navegador a otra, la configuraci\u00f3n de la pol\u00edtica de cookies para los navegadores m\u00e1s utilizados es la siguiente:<\/p>\n<ul>\n<li><strong>Internet Explorer<\/strong>:\u00a0 Herramientas\u00a0 -&gt;\u00a0 Opciones\u00a0 de\u00a0 Internet\u00a0 -&gt;\u00a0 Privacidad\u00a0 -&gt; Configuraci\u00f3n.<\/li>\n<li><strong>Firefox<\/strong>: Herramientas -&gt; Opciones -&gt; Privacidad -&gt; Historial -&gt; Configuraci\u00f3n Personalizada.<\/li>\n<li><strong>Chrome<\/strong>: Configuraci\u00f3n -&gt; Mostrar opciones avanzadas -&gt; Privacidad -&gt; Configuraci\u00f3n de contenido.<\/li>\n<li><strong>Safari<\/strong>: Preferencias -&gt; Seguridad.<\/li>\n<\/ul>\n<p>Para m\u00e1s informaci\u00f3n, puede consultar el soporte o la ayuda de su navegador.<\/p>\n<\/div><\/div><style type=\"text\/css\">.fusion-body .fusion-builder-column-1{width:100% !important;margin-top : 0px;margin-bottom : 20px;}.fusion-builder-column-1 > .fusion-column-wrapper {padding-top : 0px !important;padding-right : 0px !important;margin-right : 1.92%;padding-bottom : 0px !important;padding-left : 0px !important;margin-left : 1.92%;}@media only screen and (max-width:1024px) {.fusion-body .fusion-builder-column-1{width:100% !important;}.fusion-builder-column-1 > .fusion-column-wrapper {margin-right : 1.92%;margin-left : 1.92%;}}@media only screen and (max-width:640px) {.fusion-body .fusion-builder-column-1{width:100% !important;}.fusion-builder-column-1 > .fusion-column-wrapper {margin-right : 1.92%;margin-left : 1.92%;}}<\/style><\/div><\/div><style type=\"text\/css\">.fusion-body .fusion-flex-container.fusion-builder-row-2{ padding-top : 0px;margin-top : 0px;padding-right : 0px;padding-bottom : 0px;margin-bottom : 0px;padding-left : 0px;}<\/style><\/div><\/p>\n","protected":false},"excerpt":{"rendered":"","protected":false},"author":1,"featured_media":0,"parent":0,"menu_order":0,"comment_status":"closed","ping_status":"closed","template":"","meta":{"_monsterinsights_skip_tracking":false,"_monsterinsights_sitenote_active":false,"_monsterinsights_sitenote_note":"","_monsterinsights_sitenote_category":0,"footnotes":"","_links_to":"","_links_to_target":""},"class_list":["post-931","page","type-page","status-publish","hentry"],"yoast_head":"<!-- This site is optimized with the Yoast SEO plugin v19.6.1 - https:\/\/yoast.com\/wordpress\/plugins\/seo\/ -->\n<title>Pol\u00edtica de privacidad 2 - Julio Cabrero<\/title>\n<meta name=\"robots\" content=\"index, follow, max-snippet:-1, max-image-preview:large, max-video-preview:-1\" \/>\n<link rel=\"canonical\" href=\"https:\/\/juliocabrero.com\/en\/politica-de-privacidad-2\/\" \/>\n<meta property=\"og:locale\" content=\"en_US\" \/>\n<meta property=\"og:type\" content=\"article\" \/>\n<meta property=\"og:title\" content=\"Pol\u00edtica de privacidad 2 - Julio Cabrero\" \/>\n<meta property=\"og:url\" content=\"https:\/\/juliocabrero.com\/en\/politica-de-privacidad-2\/\" \/>\n<meta property=\"og:site_name\" content=\"Julio Cabrero\" \/>\n<meta name=\"twitter:card\" content=\"summary_large_image\" \/>\n<meta name=\"twitter:label1\" content=\"Est. reading time\" \/>\n\t<meta name=\"twitter:data1\" content=\"4 minutes\" \/>\n<script type=\"application\/ld+json\" class=\"yoast-schema-graph\">{\"@context\":\"https:\/\/schema.org\",\"@graph\":[{\"@type\":\"WebPage\",\"@id\":\"https:\/\/juliocabrero.com\/en\/politica-de-privacidad-2\/\",\"url\":\"https:\/\/juliocabrero.com\/en\/politica-de-privacidad-2\/\",\"name\":\"Pol\u00edtica de privacidad 2 - Julio Cabrero\",\"isPartOf\":{\"@id\":\"https:\/\/juliocabrero.com\/#website\"},\"datePublished\":\"2018-01-19T10:13:57+00:00\",\"dateModified\":\"2018-01-19T10:13:57+00:00\",\"breadcrumb\":{\"@id\":\"https:\/\/juliocabrero.com\/en\/politica-de-privacidad-2\/#breadcrumb\"},\"inLanguage\":\"en-US\",\"potentialAction\":[{\"@type\":\"ReadAction\",\"target\":[\"https:\/\/juliocabrero.com\/en\/politica-de-privacidad-2\/\"]}]},{\"@type\":\"BreadcrumbList\",\"@id\":\"https:\/\/juliocabrero.com\/en\/politica-de-privacidad-2\/#breadcrumb\",\"itemListElement\":[{\"@type\":\"ListItem\",\"position\":1,\"name\":\"Portada\",\"item\":\"https:\/\/juliocabrero.com\/en\/\"},{\"@type\":\"ListItem\",\"position\":2,\"name\":\"Pol\u00edtica de privacidad 2\"}]},{\"@type\":\"WebSite\",\"@id\":\"https:\/\/juliocabrero.com\/#website\",\"url\":\"https:\/\/juliocabrero.com\/\",\"name\":\"Julio Cabrero\",\"description\":\"Azufres solubles micronizados\",\"potentialAction\":[{\"@type\":\"SearchAction\",\"target\":{\"@type\":\"EntryPoint\",\"urlTemplate\":\"https:\/\/juliocabrero.com\/?s={search_term_string}\"},\"query-input\":\"required name=search_term_string\"}],\"inLanguage\":\"en-US\"}]}<\/script>\n<!-- \/ Yoast SEO plugin. -->","yoast_head_json":{"title":"Pol\u00edtica de privacidad 2 - Julio Cabrero","robots":{"index":"index","follow":"follow","max-snippet":"max-snippet:-1","max-image-preview":"max-image-preview:large","max-video-preview":"max-video-preview:-1"},"canonical":"https:\/\/juliocabrero.com\/en\/politica-de-privacidad-2\/","og_locale":"en_US","og_type":"article","og_title":"Pol\u00edtica de privacidad 2 - Julio Cabrero","og_url":"https:\/\/juliocabrero.com\/en\/politica-de-privacidad-2\/","og_site_name":"Julio Cabrero","twitter_card":"summary_large_image","twitter_misc":{"Est. reading time":"4 minutes"},"schema":{"@context":"https:\/\/schema.org","@graph":[{"@type":"WebPage","@id":"https:\/\/juliocabrero.com\/en\/politica-de-privacidad-2\/","url":"https:\/\/juliocabrero.com\/en\/politica-de-privacidad-2\/","name":"Pol\u00edtica de privacidad 2 - Julio Cabrero","isPartOf":{"@id":"https:\/\/juliocabrero.com\/#website"},"datePublished":"2018-01-19T10:13:57+00:00","dateModified":"2018-01-19T10:13:57+00:00","breadcrumb":{"@id":"https:\/\/juliocabrero.com\/en\/politica-de-privacidad-2\/#breadcrumb"},"inLanguage":"en-US","potentialAction":[{"@type":"ReadAction","target":["https:\/\/juliocabrero.com\/en\/politica-de-privacidad-2\/"]}]},{"@type":"BreadcrumbList","@id":"https:\/\/juliocabrero.com\/en\/politica-de-privacidad-2\/#breadcrumb","itemListElement":[{"@type":"ListItem","position":1,"name":"Portada","item":"https:\/\/juliocabrero.com\/en\/"},{"@type":"ListItem","position":2,"name":"Pol\u00edtica de privacidad 2"}]},{"@type":"WebSite","@id":"https:\/\/juliocabrero.com\/#website","url":"https:\/\/juliocabrero.com\/","name":"Julio Cabrero","description":"Azufres solubles micronizados","potentialAction":[{"@type":"SearchAction","target":{"@type":"EntryPoint","urlTemplate":"https:\/\/juliocabrero.com\/?s={search_term_string}"},"query-input":"required name=search_term_string"}],"inLanguage":"en-US"}]}},"_links":{"self":[{"href":"https:\/\/juliocabrero.com\/en\/wp-json\/wp\/v2\/pages\/931","targetHints":{"allow":["GET"]}}],"collection":[{"href":"https:\/\/juliocabrero.com\/en\/wp-json\/wp\/v2\/pages"}],"about":[{"href":"https:\/\/juliocabrero.com\/en\/wp-json\/wp\/v2\/types\/page"}],"author":[{"embeddable":true,"href":"https:\/\/juliocabrero.com\/en\/wp-json\/wp\/v2\/users\/1"}],"replies":[{"embeddable":true,"href":"https:\/\/juliocabrero.com\/en\/wp-json\/wp\/v2\/comments?post=931"}],"version-history":[{"count":0,"href":"https:\/\/juliocabrero.com\/en\/wp-json\/wp\/v2\/pages\/931\/revisions"}],"wp:attachment":[{"href":"https:\/\/juliocabrero.com\/en\/wp-json\/wp\/v2\/media?parent=931"}],"curies":[{"name":"wp","href":"https:\/\/api.w.org\/{rel}","templated":true}]}}